{"id":1164,"date":"2026-03-06T11:54:18","date_gmt":"2026-03-06T10:54:18","guid":{"rendered":"https:\/\/premiumsystem3c.com\/?page_id=1164"},"modified":"2026-03-06T12:40:23","modified_gmt":"2026-03-06T11:40:23","slug":"sobrenosotros","status":"publish","type":"page","link":"https:\/\/premiumsystem3c.com\/index.php\/sobrenosotros\/","title":{"rendered":"Sobre nosotros"},"content":{"rendered":"\t\t<div data-elementor-type=\"wp-page\" data-elementor-id=\"1164\" class=\"elementor elementor-1164\">\n\t\t\t\t<div class=\"elementor-element elementor-element-c50a761 e-flex e-con-boxed e-con e-parent\" data-id=\"c50a761\" data-element_type=\"container\">\n\t\t\t\t\t<div class=\"e-con-inner\">\n\t\t\t\t\t<\/div>\n\t\t\t\t<\/div>\n\t\t<div class=\"elementor-element elementor-element-17a6f95 e-flex e-con-boxed e-con e-parent\" data-id=\"17a6f95\" data-element_type=\"container\">\n\t\t\t\t\t<div class=\"e-con-inner\">\n\t\t\t\t\t<\/div>\n\t\t\t\t<\/div>\n\t\t<div class=\"elementor-element elementor-element-33c475a e-flex e-con-boxed e-con e-parent\" data-id=\"33c475a\" data-element_type=\"container\">\n\t\t\t\t\t<div class=\"e-con-inner\">\n\t\t\t\t<div class=\"elementor-element elementor-element-dd49d2e elementor-widget elementor-widget-heading\" data-id=\"dd49d2e\" data-element_type=\"widget\" data-widget_type=\"heading.default\">\n\t\t\t\t<div class=\"elementor-widget-container\">\n\t\t\t\t\t<h2 class=\"elementor-heading-title elementor-size-large\">Sobre nosotros<\/h2>\t\t\t\t<\/div>\n\t\t\t\t<\/div>\n\t\t\t\t\t<\/div>\n\t\t\t\t<\/div>\n\t\t<div class=\"elementor-element elementor-element-e0a3550 e-flex e-con-boxed e-con e-parent\" data-id=\"e0a3550\" data-element_type=\"container\">\n\t\t\t\t\t<div class=\"e-con-inner\">\n\t\t\t\t<div class=\"elementor-element elementor-element-da1f1cf elementor-widget elementor-widget-text-editor\" data-id=\"da1f1cf\" data-element_type=\"widget\" data-widget_type=\"text-editor.default\">\n\t\t\t\t<div class=\"elementor-widget-container\">\n\t\t\t\t\t\t\t\t\t<p data-start=\"1220\" data-end=\"1371\">En Premium System \u00a0hemos dado un paso adelante para convertirnos en\u00a0<strong data-start=\"1299\" data-end=\"1370\">un aliado estrat\u00e9gico para profesionales del sector del cerramiento<\/strong>.<\/p><p data-start=\"1373\" data-end=\"1618\">Despu\u00e9s de a\u00f1os fabricando e instalando<strong data-start=\"1413\" data-end=\"1470\">\u00a0cerramientos, p\u00e9rgolas bioclim\u00e1ticas y techos m\u00f3viles<\/strong>, decidimos enfocar nuestra actividad hacia <strong data-start=\"1519\" data-end=\"1573\">instaladores, distribuidores y empresas del sector<\/strong>\u00a0que necesitan un proveedor fiable y cercano.<\/p><p data-start=\"1620\" data-end=\"1866\">Nuestra experiencia en obra nos permite entender perfectamente las necesidades del profesional:<br data-start=\"1715\" data-end=\"1718\" \/>la importancia de contar con\u00a0<strong data-start=\"1747\" data-end=\"1865\">productos bien dise\u00f1ados, asistencia t\u00e9cnica cuando se necesita y rapidez en la resoluci\u00f3n de cualquier incidencia<\/strong>.<\/p><p data-start=\"1868\" data-end=\"1904\">Por eso nuestro compromiso es claro:<\/p><ul data-start=\"1906\" data-end=\"2153\"><li data-section-id=\"oj7bva\" data-start=\"1906\" data-end=\"1965\"><p data-start=\"1908\" data-end=\"1965\"><strong data-start=\"1908\" data-end=\"1963\">Asesoramiento t\u00e9cnico antes y durante cada proyecto<\/strong><\/p><\/li><li data-section-id=\"10p4ull\" data-start=\"1966\" data-end=\"2034\"><p data-start=\"1968\" data-end=\"2034\"><strong data-start=\"1968\" data-end=\"2032\">Atenci\u00f3n r\u00e1pida y cercana ante cualquier consulta o problema<\/strong><\/p><\/li><li data-section-id=\"n2de6t\" data-start=\"2035\" data-end=\"2091\"><p data-start=\"2037\" data-end=\"2091\"><strong data-start=\"2037\" data-end=\"2089\">Productos pensados para facilitar la instalaci\u00f3n<\/strong><\/p><\/li><li data-section-id=\"mpim06\" data-start=\"2092\" data-end=\"2153\"><p data-start=\"2094\" data-end=\"2153\"><strong data-start=\"2094\" data-end=\"2153\">Una relaci\u00f3n profesional basada en confianza y servicio<\/strong><\/p><\/li><\/ul><p data-start=\"2155\" data-end=\"2302\">Queremos convertirnos en\u00a0<strong data-start=\"2180\" data-end=\"2210\">mucho m\u00e1s que un proveedor<\/strong>: un partner que acompa\u00f1e a nuestros clientes profesionales en el crecimiento de su negocio.<\/p>\t\t\t\t\t\t\t\t<\/div>\n\t\t\t\t<\/div>\n\t\t\t\t\t<\/div>\n\t\t\t\t<\/div>\n\t\t<div class=\"elementor-element elementor-element-5511c0a e-flex e-con-boxed e-con e-parent\" data-id=\"5511c0a\" data-element_type=\"container\">\n\t\t\t\t\t<div class=\"e-con-inner\">\n\t\t\t\t\t<\/div>\n\t\t\t\t<\/div>\n\t\t\t\t<\/div>\n\t\t","protected":false},"excerpt":{"rendered":"<p>Sobre nosotros En Premium System \u00a0hemos dado un paso adelante para convertirnos en\u00a0un aliado estrat\u00e9gico para profesionales del sector del cerramiento. Despu\u00e9s de a\u00f1os fabricando e instalando\u00a0cerramientos, p\u00e9rgolas bioclim\u00e1ticas y techos m\u00f3viles, decidimos enfocar nuestra actividad hacia instaladores, distribuidores y empresas del sector\u00a0que necesitan un proveedor fiable y cercano. Nuestra experiencia en obra nos permite &hellip;<\/p>\n<p class=\"read-more\"> <a class=\"\" href=\"https:\/\/premiumsystem3c.com\/index.php\/sobrenosotros\/\"> <span class=\"screen-reader-text\">Sobre nosotros<\/span> Leer m\u00e1s &raquo;<\/a><\/p>\n","protected":false},"author":1,"featured_media":0,"parent":0,"menu_order":0,"comment_status":"closed","ping_status":"closed","template":"","meta":{"site-sidebar-layout":"no-sidebar","site-content-layout":"","ast-site-content-layout":"full-width-container","site-content-style":"default","site-sidebar-style":"default","ast-global-header-display":"","ast-banner-title-visibility":"","ast-main-header-display":"","ast-hfb-above-header-display":"","ast-hfb-below-header-display":"","ast-hfb-mobile-header-display":"","site-post-title":"disabled","ast-breadcrumbs-content":"","ast-featured-img":"disabled","footer-sml-layout":"","theme-transparent-header-meta":"","adv-header-id-meta":"","stick-header-meta":"","header-above-stick-meta":"","header-main-stick-meta":"","header-below-stick-meta":"","astra-migrate-meta-layouts":"default","ast-page-background-enabled":"default","ast-page-background-meta":{"desktop":{"background-color":"var(--ast-global-color-4)","background-image":"","background-repeat":"repeat","background-position":"center center","background-size":"auto","background-attachment":"scroll","background-type":"","background-media":"","overlay-type":"","overlay-color":"","overlay-gradient":""},"tablet":{"background-color":"","background-image":"","background-repeat":"repeat","background-position":"center center","background-size":"auto","background-attachment":"scroll","background-type":"","background-media":"","overlay-type":"","overlay-color":"","overlay-gradient":""},"mobile":{"background-color":"","background-image":"","background-repeat":"repeat","background-position":"center center","background-size":"auto","background-attachment":"scroll","background-type":"","background-media":"","overlay-type":"","overlay-color":"","overlay-gradient":""}},"ast-content-background-meta":{"desktop":{"background-color":"var(--ast-global-color-5)","background-image":"","background-repeat":"repeat","background-position":"center center","background-size":"auto","background-attachment":"scroll","background-type":"","background-media":"","overlay-type":"","overlay-color":"","overlay-gradient":""},"tablet":{"background-color":"var(--ast-global-color-5)","background-image":"","background-repeat":"repeat","background-position":"center center","background-size":"auto","background-attachment":"scroll","background-type":"","background-media":"","overlay-type":"","overlay-color":"","overlay-gradient":""},"mobile":{"background-color":"var(--ast-global-color-5)","background-image":"","background-repeat":"repeat","background-position":"center center","background-size":"auto","background-attachment":"scroll","background-type":"","background-media":"","overlay-type":"","overlay-color":"","overlay-gradient":""}},"footnotes":""},"class_list":["post-1164","page","type-page","status-publish","hentry"],"yoast_head":"<!-- This site is optimized with the Yoast SEO plugin v27.2 - https:\/\/yoast.com\/product\/yoast-seo-wordpress\/ -->\n<title>Sobre nosotros -<\/title>\n<meta name=\"robots\" content=\"index, follow, max-snippet:-1, max-image-preview:large, max-video-preview:-1\" \/>\n<link rel=\"canonical\" href=\"https:\/\/premiumsystem3c.com\/index.php\/sobrenosotros\/\" \/>\n<meta property=\"og:locale\" content=\"es_ES\" \/>\n<meta property=\"og:type\" content=\"article\" \/>\n<meta property=\"og:title\" content=\"Sobre nosotros -\" \/>\n<meta property=\"og:description\" content=\"Sobre nosotros En Premium System \u00a0hemos dado un paso adelante para convertirnos en\u00a0un aliado estrat\u00e9gico para profesionales del sector del cerramiento. Despu\u00e9s de a\u00f1os fabricando e instalando\u00a0cerramientos, p\u00e9rgolas bioclim\u00e1ticas y techos m\u00f3viles, decidimos enfocar nuestra actividad hacia instaladores, distribuidores y empresas del sector\u00a0que necesitan un proveedor fiable y cercano. Nuestra experiencia en obra nos permite &hellip; Sobre nosotros Leer m\u00e1s &raquo;\" \/>\n<meta property=\"og:url\" content=\"https:\/\/premiumsystem3c.com\/index.php\/sobrenosotros\/\" \/>\n<meta property=\"article:modified_time\" content=\"2026-03-06T11:40:23+00:00\" \/>\n<meta name=\"twitter:card\" content=\"summary_large_image\" \/>\n<meta name=\"twitter:label1\" content=\"Tiempo de lectura\" \/>\n\t<meta name=\"twitter:data1\" content=\"1 minuto\" \/>\n<script type=\"application\/ld+json\" class=\"yoast-schema-graph\">{\"@context\":\"https:\/\/schema.org\",\"@graph\":[{\"@type\":\"WebPage\",\"@id\":\"https:\/\/premiumsystem3c.com\/index.php\/sobrenosotros\/\",\"url\":\"https:\/\/premiumsystem3c.com\/index.php\/sobrenosotros\/\",\"name\":\"Sobre nosotros -\",\"isPartOf\":{\"@id\":\"https:\/\/premiumsystem3c.com\/#website\"},\"datePublished\":\"2026-03-06T10:54:18+00:00\",\"dateModified\":\"2026-03-06T11:40:23+00:00\",\"breadcrumb\":{\"@id\":\"https:\/\/premiumsystem3c.com\/index.php\/sobrenosotros\/#breadcrumb\"},\"inLanguage\":\"es\",\"potentialAction\":[{\"@type\":\"ReadAction\",\"target\":[\"https:\/\/premiumsystem3c.com\/index.php\/sobrenosotros\/\"]}]},{\"@type\":\"BreadcrumbList\",\"@id\":\"https:\/\/premiumsystem3c.com\/index.php\/sobrenosotros\/#breadcrumb\",\"itemListElement\":[{\"@type\":\"ListItem\",\"position\":1,\"name\":\"Portada\",\"item\":\"https:\/\/premiumsystem3c.com\/\"},{\"@type\":\"ListItem\",\"position\":2,\"name\":\"Sobre nosotros\"}]},{\"@type\":\"WebSite\",\"@id\":\"https:\/\/premiumsystem3c.com\/#website\",\"url\":\"https:\/\/premiumsystem3c.com\/\",\"name\":\"\",\"description\":\"\",\"potentialAction\":[{\"@type\":\"SearchAction\",\"target\":{\"@type\":\"EntryPoint\",\"urlTemplate\":\"https:\/\/premiumsystem3c.com\/?s={search_term_string}\"},\"query-input\":{\"@type\":\"PropertyValueSpecification\",\"valueRequired\":true,\"valueName\":\"search_term_string\"}}],\"inLanguage\":\"es\"}]}<\/script>\n<!-- \/ Yoast SEO plugin. -->","yoast_head_json":{"title":"Sobre nosotros -","robots":{"index":"index","follow":"follow","max-snippet":"max-snippet:-1","max-image-preview":"max-image-preview:large","max-video-preview":"max-video-preview:-1"},"canonical":"https:\/\/premiumsystem3c.com\/index.php\/sobrenosotros\/","og_locale":"es_ES","og_type":"article","og_title":"Sobre nosotros -","og_description":"Sobre nosotros En Premium System \u00a0hemos dado un paso adelante para convertirnos en\u00a0un aliado estrat\u00e9gico para profesionales del sector del cerramiento. Despu\u00e9s de a\u00f1os fabricando e instalando\u00a0cerramientos, p\u00e9rgolas bioclim\u00e1ticas y techos m\u00f3viles, decidimos enfocar nuestra actividad hacia instaladores, distribuidores y empresas del sector\u00a0que necesitan un proveedor fiable y cercano. Nuestra experiencia en obra nos permite &hellip; Sobre nosotros Leer m\u00e1s &raquo;","og_url":"https:\/\/premiumsystem3c.com\/index.php\/sobrenosotros\/","article_modified_time":"2026-03-06T11:40:23+00:00","twitter_card":"summary_large_image","twitter_misc":{"Tiempo de lectura":"1 minuto"},"schema":{"@context":"https:\/\/schema.org","@graph":[{"@type":"WebPage","@id":"https:\/\/premiumsystem3c.com\/index.php\/sobrenosotros\/","url":"https:\/\/premiumsystem3c.com\/index.php\/sobrenosotros\/","name":"Sobre nosotros -","isPartOf":{"@id":"https:\/\/premiumsystem3c.com\/#website"},"datePublished":"2026-03-06T10:54:18+00:00","dateModified":"2026-03-06T11:40:23+00:00","breadcrumb":{"@id":"https:\/\/premiumsystem3c.com\/index.php\/sobrenosotros\/#breadcrumb"},"inLanguage":"es","potentialAction":[{"@type":"ReadAction","target":["https:\/\/premiumsystem3c.com\/index.php\/sobrenosotros\/"]}]},{"@type":"BreadcrumbList","@id":"https:\/\/premiumsystem3c.com\/index.php\/sobrenosotros\/#breadcrumb","itemListElement":[{"@type":"ListItem","position":1,"name":"Portada","item":"https:\/\/premiumsystem3c.com\/"},{"@type":"ListItem","position":2,"name":"Sobre nosotros"}]},{"@type":"WebSite","@id":"https:\/\/premiumsystem3c.com\/#website","url":"https:\/\/premiumsystem3c.com\/","name":"","description":"","potentialAction":[{"@type":"SearchAction","target":{"@type":"EntryPoint","urlTemplate":"https:\/\/premiumsystem3c.com\/?s={search_term_string}"},"query-input":{"@type":"PropertyValueSpecification","valueRequired":true,"valueName":"search_term_string"}}],"inLanguage":"es"}]}},"_links":{"self":[{"href":"https:\/\/premiumsystem3c.com\/index.php\/wp-json\/wp\/v2\/pages\/1164","targetHints":{"allow":["GET"]}}],"collection":[{"href":"https:\/\/premiumsystem3c.com\/index.php\/wp-json\/wp\/v2\/pages"}],"about":[{"href":"https:\/\/premiumsystem3c.com\/index.php\/wp-json\/wp\/v2\/types\/page"}],"author":[{"embeddable":true,"href":"https:\/\/premiumsystem3c.com\/index.php\/wp-json\/wp\/v2\/users\/1"}],"replies":[{"embeddable":true,"href":"https:\/\/premiumsystem3c.com\/index.php\/wp-json\/wp\/v2\/comments?post=1164"}],"version-history":[{"count":30,"href":"https:\/\/premiumsystem3c.com\/index.php\/wp-json\/wp\/v2\/pages\/1164\/revisions"}],"predecessor-version":[{"id":1225,"href":"https:\/\/premiumsystem3c.com\/index.php\/wp-json\/wp\/v2\/pages\/1164\/revisions\/1225"}],"wp:attachment":[{"href":"https:\/\/premiumsystem3c.com\/index.php\/wp-json\/wp\/v2\/media?parent=1164"}],"curies":[{"name":"wp","href":"https:\/\/api.w.org\/{rel}","templated":true}]}}