{"id":780,"date":"2024-03-01T11:36:18","date_gmt":"2024-03-01T10:36:18","guid":{"rendered":"https:\/\/premiumsystem3c.com\/?page_id=780"},"modified":"2024-03-22T08:57:48","modified_gmt":"2024-03-22T07:57:48","slug":"aviso-legal","status":"publish","type":"page","link":"https:\/\/premiumsystem3c.com\/index.php\/aviso-legal\/","title":{"rendered":"Aviso legal"},"content":{"rendered":"\t\t<div data-elementor-type=\"wp-page\" data-elementor-id=\"780\" class=\"elementor elementor-780\">\n\t\t\t\t<div class=\"elementor-element elementor-element-254ad98 e-flex e-con-boxed e-con e-parent\" data-id=\"254ad98\" data-element_type=\"container\">\n\t\t\t\t\t<div class=\"e-con-inner\">\n\t\t\t\t<div class=\"elementor-element elementor-element-ee11ec6 elementor-widget elementor-widget-spacer\" data-id=\"ee11ec6\" data-element_type=\"widget\" data-widget_type=\"spacer.default\">\n\t\t\t\t<div class=\"elementor-widget-container\">\n\t\t\t\t\t\t\t<div class=\"elementor-spacer\">\n\t\t\t<div class=\"elementor-spacer-inner\"><\/div>\n\t\t<\/div>\n\t\t\t\t\t\t<\/div>\n\t\t\t\t<\/div>\n\t\t\t\t<div class=\"elementor-element elementor-element-6c3a267 elementor-widget elementor-widget-heading\" data-id=\"6c3a267\" data-element_type=\"widget\" data-widget_type=\"heading.default\">\n\t\t\t\t<div class=\"elementor-widget-container\">\n\t\t\t\t\t<h2 class=\"elementor-heading-title elementor-size-default\">Aviso legal<\/h2>\t\t\t\t<\/div>\n\t\t\t\t<\/div>\n\t\t\t\t<div class=\"elementor-element elementor-element-6c5d377 elementor-widget elementor-widget-text-editor\" data-id=\"6c5d377\" data-element_type=\"widget\" data-widget_type=\"text-editor.default\">\n\t\t\t\t<div class=\"elementor-widget-container\">\n\t\t\t\t\t\t\t\t\t<p><span style=\"font-weight: 400;\">En cumplimiento con el deber de informaci\u00f3n recogido en art\u00edculo 10 de la Ley 34\/2002, de 11 de julio, de Servicios de la Sociedad de la Informaci\u00f3n y del Comercio Electr\u00f3nico (LSSICE), el propietario de la web , le informa de lo siguiente:<\/span><\/p><ul><li style=\"font-weight: 400;\" aria-level=\"1\"><span style=\"font-weight: 400;\">Denominaci\u00f3n social: PREMIUM SYSTEM 3C,S.L.\u00a0<\/span><\/li><li style=\"font-weight: 400;\" aria-level=\"1\"><span style=\"font-weight: 400;\">NIF: B44564649<\/span><\/li><li style=\"font-weight: 400;\" aria-level=\"1\"><span style=\"font-weight: 400;\">Domicilio: PLAZA DOCTOR MORCILLO , 9\u00a0 28791 SOTO DEL REAL (MADRID)\u00a0<\/span><\/li><\/ul><p><span style=\"font-weight: 400;\">Con los l\u00edmites establecidos en la ley, PREMIUM SYSTEM 3C,S.L. \u00a0 no asume ninguna responsabilidad derivada de la falta de veracidad, integridad, actualizaci\u00f3n y precisi\u00f3n de los datos o informaciones que contienen sus p\u00e1ginas web.<\/span><\/p><p><span style=\"font-weight: 400;\">Los contenidos e informaci\u00f3n no vinculan a PREMIUM SYSTEM 3C,S.L. ni constituyen opiniones, consejos o asesoramiento legal de ning\u00fan tipo pues se trata meramente de un servicio ofrecido con car\u00e1cter informativo y divulgativo.<\/span><\/p><p><span style=\"font-weight: 400;\">Las p\u00e1ginas de Internet de PREMIUM SYSTEM 3C,S.L. pueden contener enlaces (links) a otras p\u00e1ginas de terceras partes que PREMIUM SYSTEM 3C,S.L. no puede controlar.\u00a0<\/span><\/p><p><span style=\"font-weight: 400;\">Por lo tanto, PREMIUM SYSTEM 3C,S.L.\u00a0 no puede asumir responsabilidades por el contenido que pueda aparecer en p\u00e1ginas de terceros.<\/span><\/p><p><span style=\"font-weight: 400;\">Los textos, im\u00e1genes, sonidos, animaciones, software y el resto de contenidos incluidos en este website son propiedad exclusiva de PREMIUM SYSTEM 3C,S.L.\u00a0 o sus licenciantes. Cualquier acto de transmisi\u00f3n, distribuci\u00f3n, cesi\u00f3n, reproducci\u00f3n, almacenamiento o comunicaci\u00f3n p\u00fablica total o parcial, deber\u00e1 contar con el consentimiento expreso de PREMIUM SYSTEM 3C,S.L.\u00a0<\/span><\/p><p><span style=\"font-weight: 400;\">Asimismo, para acceder a algunos de los servicios que PREMIUM SYSTEM 3C,S.L.\u00a0 ofrece a trav\u00e9s del sitio web, deber\u00e1 proporcionar algunos datos de car\u00e1cter personal. En cumplimiento de lo establecido en el Reglamento (UE) 2016\/679 del Parlamento Europeo y del Consejo, de 27 de abril de 2016, relativo a la protecci\u00f3n de las personas f\u00edsicas en lo que respecta al tratamiento de datos personales y a la libre circulaci\u00f3n de estos datos le informamos que, mediante la cumplimentaci\u00f3n de los presentes formularios, sus datos personales quedar\u00e1n incorporados y ser\u00e1n tratados en los ficheros de PREMIUM SYSTEM 3C,S.L. con el fin de poderle prestar y ofrecer nuestros servicios as\u00ed como para informarle de las mejoras del sitio Web.<\/span><\/p><p><span style=\"font-weight: 400;\">Le informamos tambi\u00e9n de que tendr\u00e1 la posibilidad en todo momento de ejercer los derechos de acceso, rectificaci\u00f3n, cancelaci\u00f3n, oposici\u00f3n, limitaci\u00f3n y portabilidad de sus datos de car\u00e1cter personal, de manera gratuita mediante email a:\u00a0<\/span><a href=\"mailto:administracion@premiumsystem3c.com\"><span style=\"font-weight: 400;\">administracion@premiumsystem3c.com<\/span><\/a><span style=\"font-weight: 400;\">\u00a0o en la direcci\u00f3n: PLAZA DOCTOR MORCILLO , 9\u00a0 28791 SOTO DEL REAL (MADRID)<\/span><\/p><p><span style=\"font-weight: 400;\">REV: 20.3009<\/span><\/p>\t\t\t\t\t\t\t\t<\/div>\n\t\t\t\t<\/div>\n\t\t\t\t<div class=\"elementor-element elementor-element-e3f4ab9 elementor-widget elementor-widget-image\" data-id=\"e3f4ab9\" data-element_type=\"widget\" data-widget_type=\"image.default\">\n\t\t\t\t<div class=\"elementor-widget-container\">\n\t\t\t\t\t\t\t\t\t\t\t\t\t\t\t<img fetchpriority=\"high\" decoding=\"async\" width=\"1024\" height=\"351\" src=\"https:\/\/premiumsystem3c.com\/wp-content\/uploads\/2024\/03\/aviso-1024x351.jpg\" class=\"attachment-large size-large wp-image-804\" alt=\"\" srcset=\"https:\/\/premiumsystem3c.com\/wp-content\/uploads\/2024\/03\/aviso-1024x351.jpg 1024w, https:\/\/premiumsystem3c.com\/wp-content\/uploads\/2024\/03\/aviso-300x103.jpg 300w, https:\/\/premiumsystem3c.com\/wp-content\/uploads\/2024\/03\/aviso-768x263.jpg 768w, https:\/\/premiumsystem3c.com\/wp-content\/uploads\/2024\/03\/aviso.jpg 1186w\" sizes=\"(max-width: 1024px) 100vw, 1024px\" \/>\t\t\t\t\t\t\t\t\t\t\t\t\t\t\t<\/div>\n\t\t\t\t<\/div>\n\t\t\t\t\t<\/div>\n\t\t\t\t<\/div>\n\t\t\t\t<\/div>\n\t\t","protected":false},"excerpt":{"rendered":"<p>Aviso legal En cumplimiento con el deber de informaci\u00f3n recogido en art\u00edculo 10 de la Ley 34\/2002, de 11 de julio, de Servicios de la Sociedad de la Informaci\u00f3n y del Comercio Electr\u00f3nico (LSSICE), el propietario de la web , le informa de lo siguiente: Denominaci\u00f3n social: PREMIUM SYSTEM 3C,S.L.\u00a0 NIF: B44564649 Domicilio: PLAZA DOCTOR &hellip;<\/p>\n<p class=\"read-more\"> <a class=\"\" href=\"https:\/\/premiumsystem3c.com\/index.php\/aviso-legal\/\"> <span class=\"screen-reader-text\">Aviso legal<\/span> Leer m\u00e1s &raquo;<\/a><\/p>\n","protected":false},"author":2,"featured_media":0,"parent":0,"menu_order":0,"comment_status":"closed","ping_status":"closed","template":"","meta":{"site-sidebar-layout":"no-sidebar","site-content-layout":"","ast-site-content-layout":"full-width-container","site-content-style":"default","site-sidebar-style":"default","ast-global-header-display":"","ast-banner-title-visibility":"","ast-main-header-display":"","ast-hfb-above-header-display":"","ast-hfb-below-header-display":"","ast-hfb-mobile-header-display":"","site-post-title":"disabled","ast-breadcrumbs-content":"","ast-featured-img":"disabled","footer-sml-layout":"","theme-transparent-header-meta":"","adv-header-id-meta":"","stick-header-meta":"","header-above-stick-meta":"","header-main-stick-meta":"","header-below-stick-meta":"","astra-migrate-meta-layouts":"default","ast-page-background-enabled":"default","ast-page-background-meta":{"desktop":{"background-color":"var(--ast-global-color-4)","background-image":"","background-repeat":"repeat","background-position":"center center","background-size":"auto","background-attachment":"scroll","background-type":"","background-media":"","overlay-type":"","overlay-color":"","overlay-gradient":""},"tablet":{"background-color":"","background-image":"","background-repeat":"repeat","background-position":"center center","background-size":"auto","background-attachment":"scroll","background-type":"","background-media":"","overlay-type":"","overlay-color":"","overlay-gradient":""},"mobile":{"background-color":"","background-image":"","background-repeat":"repeat","background-position":"center center","background-size":"auto","background-attachment":"scroll","background-type":"","background-media":"","overlay-type":"","overlay-color":"","overlay-gradient":""}},"ast-content-background-meta":{"desktop":{"background-color":"var(--ast-global-color-5)","background-image":"","background-repeat":"repeat","background-position":"center center","background-size":"auto","background-attachment":"scroll","background-type":"","background-media":"","overlay-type":"","overlay-color":"","overlay-gradient":""},"tablet":{"background-color":"var(--ast-global-color-5)","background-image":"","background-repeat":"repeat","background-position":"center center","background-size":"auto","background-attachment":"scroll","background-type":"","background-media":"","overlay-type":"","overlay-color":"","overlay-gradient":""},"mobile":{"background-color":"var(--ast-global-color-5)","background-image":"","background-repeat":"repeat","background-position":"center center","background-size":"auto","background-attachment":"scroll","background-type":"","background-media":"","overlay-type":"","overlay-color":"","overlay-gradient":""}},"footnotes":""},"class_list":["post-780","page","type-page","status-publish","hentry"],"yoast_head":"<!-- This site is optimized with the Yoast SEO plugin v27.2 - https:\/\/yoast.com\/product\/yoast-seo-wordpress\/ -->\n<title>Aviso legal -<\/title>\n<meta name=\"robots\" content=\"index, follow, max-snippet:-1, max-image-preview:large, max-video-preview:-1\" \/>\n<link rel=\"canonical\" href=\"https:\/\/premiumsystem3c.com\/index.php\/aviso-legal\/\" \/>\n<meta property=\"og:locale\" content=\"es_ES\" \/>\n<meta property=\"og:type\" content=\"article\" \/>\n<meta property=\"og:title\" content=\"Aviso legal -\" \/>\n<meta property=\"og:description\" content=\"Aviso legal En cumplimiento con el deber de informaci\u00f3n recogido en art\u00edculo 10 de la Ley 34\/2002, de 11 de julio, de Servicios de la Sociedad de la Informaci\u00f3n y del Comercio Electr\u00f3nico (LSSICE), el propietario de la web , le informa de lo siguiente: Denominaci\u00f3n social: PREMIUM SYSTEM 3C,S.L.\u00a0 NIF: B44564649 Domicilio: PLAZA DOCTOR &hellip; Aviso legal Leer m\u00e1s &raquo;\" \/>\n<meta property=\"og:url\" content=\"https:\/\/premiumsystem3c.com\/index.php\/aviso-legal\/\" \/>\n<meta property=\"article:modified_time\" content=\"2024-03-22T07:57:48+00:00\" \/>\n<meta property=\"og:image\" content=\"http:\/\/premiumsystem3c.com\/wp-content\/uploads\/2024\/03\/aviso-1024x351.jpg\" \/>\n<meta name=\"twitter:card\" content=\"summary_large_image\" \/>\n<meta name=\"twitter:label1\" content=\"Tiempo de lectura\" \/>\n\t<meta name=\"twitter:data1\" content=\"2 minutos\" \/>\n<script type=\"application\/ld+json\" class=\"yoast-schema-graph\">{\"@context\":\"https:\/\/schema.org\",\"@graph\":[{\"@type\":\"WebPage\",\"@id\":\"https:\/\/premiumsystem3c.com\/index.php\/aviso-legal\/\",\"url\":\"https:\/\/premiumsystem3c.com\/index.php\/aviso-legal\/\",\"name\":\"Aviso legal -\",\"isPartOf\":{\"@id\":\"https:\/\/premiumsystem3c.com\/#website\"},\"primaryImageOfPage\":{\"@id\":\"https:\/\/premiumsystem3c.com\/index.php\/aviso-legal\/#primaryimage\"},\"image\":{\"@id\":\"https:\/\/premiumsystem3c.com\/index.php\/aviso-legal\/#primaryimage\"},\"thumbnailUrl\":\"http:\/\/premiumsystem3c.com\/wp-content\/uploads\/2024\/03\/aviso-1024x351.jpg\",\"datePublished\":\"2024-03-01T10:36:18+00:00\",\"dateModified\":\"2024-03-22T07:57:48+00:00\",\"breadcrumb\":{\"@id\":\"https:\/\/premiumsystem3c.com\/index.php\/aviso-legal\/#breadcrumb\"},\"inLanguage\":\"es\",\"potentialAction\":[{\"@type\":\"ReadAction\",\"target\":[\"https:\/\/premiumsystem3c.com\/index.php\/aviso-legal\/\"]}]},{\"@type\":\"ImageObject\",\"inLanguage\":\"es\",\"@id\":\"https:\/\/premiumsystem3c.com\/index.php\/aviso-legal\/#primaryimage\",\"url\":\"https:\/\/premiumsystem3c.com\/wp-content\/uploads\/2024\/03\/aviso.jpg\",\"contentUrl\":\"https:\/\/premiumsystem3c.com\/wp-content\/uploads\/2024\/03\/aviso.jpg\",\"width\":1186,\"height\":406},{\"@type\":\"BreadcrumbList\",\"@id\":\"https:\/\/premiumsystem3c.com\/index.php\/aviso-legal\/#breadcrumb\",\"itemListElement\":[{\"@type\":\"ListItem\",\"position\":1,\"name\":\"Portada\",\"item\":\"https:\/\/premiumsystem3c.com\/\"},{\"@type\":\"ListItem\",\"position\":2,\"name\":\"Aviso legal\"}]},{\"@type\":\"WebSite\",\"@id\":\"https:\/\/premiumsystem3c.com\/#website\",\"url\":\"https:\/\/premiumsystem3c.com\/\",\"name\":\"\",\"description\":\"\",\"potentialAction\":[{\"@type\":\"SearchAction\",\"target\":{\"@type\":\"EntryPoint\",\"urlTemplate\":\"https:\/\/premiumsystem3c.com\/?s={search_term_string}\"},\"query-input\":{\"@type\":\"PropertyValueSpecification\",\"valueRequired\":true,\"valueName\":\"search_term_string\"}}],\"inLanguage\":\"es\"}]}<\/script>\n<!-- \/ Yoast SEO plugin. -->","yoast_head_json":{"title":"Aviso legal -","robots":{"index":"index","follow":"follow","max-snippet":"max-snippet:-1","max-image-preview":"max-image-preview:large","max-video-preview":"max-video-preview:-1"},"canonical":"https:\/\/premiumsystem3c.com\/index.php\/aviso-legal\/","og_locale":"es_ES","og_type":"article","og_title":"Aviso legal -","og_description":"Aviso legal En cumplimiento con el deber de informaci\u00f3n recogido en art\u00edculo 10 de la Ley 34\/2002, de 11 de julio, de Servicios de la Sociedad de la Informaci\u00f3n y del Comercio Electr\u00f3nico (LSSICE), el propietario de la web , le informa de lo siguiente: Denominaci\u00f3n social: PREMIUM SYSTEM 3C,S.L.\u00a0 NIF: B44564649 Domicilio: PLAZA DOCTOR &hellip; Aviso legal Leer m\u00e1s &raquo;","og_url":"https:\/\/premiumsystem3c.com\/index.php\/aviso-legal\/","article_modified_time":"2024-03-22T07:57:48+00:00","og_image":[{"url":"http:\/\/premiumsystem3c.com\/wp-content\/uploads\/2024\/03\/aviso-1024x351.jpg","type":"","width":"","height":""}],"twitter_card":"summary_large_image","twitter_misc":{"Tiempo de lectura":"2 minutos"},"schema":{"@context":"https:\/\/schema.org","@graph":[{"@type":"WebPage","@id":"https:\/\/premiumsystem3c.com\/index.php\/aviso-legal\/","url":"https:\/\/premiumsystem3c.com\/index.php\/aviso-legal\/","name":"Aviso legal -","isPartOf":{"@id":"https:\/\/premiumsystem3c.com\/#website"},"primaryImageOfPage":{"@id":"https:\/\/premiumsystem3c.com\/index.php\/aviso-legal\/#primaryimage"},"image":{"@id":"https:\/\/premiumsystem3c.com\/index.php\/aviso-legal\/#primaryimage"},"thumbnailUrl":"http:\/\/premiumsystem3c.com\/wp-content\/uploads\/2024\/03\/aviso-1024x351.jpg","datePublished":"2024-03-01T10:36:18+00:00","dateModified":"2024-03-22T07:57:48+00:00","breadcrumb":{"@id":"https:\/\/premiumsystem3c.com\/index.php\/aviso-legal\/#breadcrumb"},"inLanguage":"es","potentialAction":[{"@type":"ReadAction","target":["https:\/\/premiumsystem3c.com\/index.php\/aviso-legal\/"]}]},{"@type":"ImageObject","inLanguage":"es","@id":"https:\/\/premiumsystem3c.com\/index.php\/aviso-legal\/#primaryimage","url":"https:\/\/premiumsystem3c.com\/wp-content\/uploads\/2024\/03\/aviso.jpg","contentUrl":"https:\/\/premiumsystem3c.com\/wp-content\/uploads\/2024\/03\/aviso.jpg","width":1186,"height":406},{"@type":"BreadcrumbList","@id":"https:\/\/premiumsystem3c.com\/index.php\/aviso-legal\/#breadcrumb","itemListElement":[{"@type":"ListItem","position":1,"name":"Portada","item":"https:\/\/premiumsystem3c.com\/"},{"@type":"ListItem","position":2,"name":"Aviso legal"}]},{"@type":"WebSite","@id":"https:\/\/premiumsystem3c.com\/#website","url":"https:\/\/premiumsystem3c.com\/","name":"","description":"","potentialAction":[{"@type":"SearchAction","target":{"@type":"EntryPoint","urlTemplate":"https:\/\/premiumsystem3c.com\/?s={search_term_string}"},"query-input":{"@type":"PropertyValueSpecification","valueRequired":true,"valueName":"search_term_string"}}],"inLanguage":"es"}]}},"_links":{"self":[{"href":"https:\/\/premiumsystem3c.com\/index.php\/wp-json\/wp\/v2\/pages\/780","targetHints":{"allow":["GET"]}}],"collection":[{"href":"https:\/\/premiumsystem3c.com\/index.php\/wp-json\/wp\/v2\/pages"}],"about":[{"href":"https:\/\/premiumsystem3c.com\/index.php\/wp-json\/wp\/v2\/types\/page"}],"author":[{"embeddable":true,"href":"https:\/\/premiumsystem3c.com\/index.php\/wp-json\/wp\/v2\/users\/2"}],"replies":[{"embeddable":true,"href":"https:\/\/premiumsystem3c.com\/index.php\/wp-json\/wp\/v2\/comments?post=780"}],"version-history":[{"count":0,"href":"https:\/\/premiumsystem3c.com\/index.php\/wp-json\/wp\/v2\/pages\/780\/revisions"}],"wp:attachment":[{"href":"https:\/\/premiumsystem3c.com\/index.php\/wp-json\/wp\/v2\/media?parent=780"}],"curies":[{"name":"wp","href":"https:\/\/api.w.org\/{rel}","templated":true}]}}