{"id":992,"date":"2026-02-24T13:22:03","date_gmt":"2026-02-24T12:22:03","guid":{"rendered":"https:\/\/premiumsystem3c.com\/?page_id=992"},"modified":"2026-04-14T15:04:09","modified_gmt":"2026-04-14T13:04:09","slug":"pergolasbioclimaticas","status":"publish","type":"page","link":"https:\/\/premiumsystem3c.com\/index.php\/pergolasbioclimaticas\/","title":{"rendered":"P\u00e9rgolas Bioclim\u00e1ticas"},"content":{"rendered":"\t\t<div data-elementor-type=\"wp-page\" data-elementor-id=\"992\" class=\"elementor elementor-992\">\n\t\t\t\t<div class=\"elementor-element elementor-element-149c7aa e-flex e-con-boxed e-con e-parent\" data-id=\"149c7aa\" data-element_type=\"container\">\n\t\t\t\t\t<div class=\"e-con-inner\">\n\t\t\t\t\t<\/div>\n\t\t\t\t<\/div>\n\t\t<div class=\"elementor-element elementor-element-e86667c e-flex e-con-boxed e-con e-parent\" data-id=\"e86667c\" data-element_type=\"container\">\n\t\t\t\t\t<div class=\"e-con-inner\">\n\t\t<div class=\"elementor-element elementor-element-22882dd e-con-full e-flex e-con e-child\" data-id=\"22882dd\" data-element_type=\"container\">\n\t\t\t\t<div class=\"elementor-element elementor-element-bcf9cd0 elementor-widget elementor-widget-heading\" data-id=\"bcf9cd0\" data-element_type=\"widget\" data-widget_type=\"heading.default\">\n\t\t\t\t<div class=\"elementor-widget-container\">\n\t\t\t\t\t<h2 class=\"elementor-heading-title elementor-size-large\">P\u00e9rgola Bioclim\u00e1tica PS200<\/h2>\t\t\t\t<\/div>\n\t\t\t\t<\/div>\n\t\t\t\t<\/div>\n\t\t<div class=\"elementor-element elementor-element-fbfb9e2 e-con-full e-flex e-con e-child\" data-id=\"fbfb9e2\" data-element_type=\"container\">\n\t\t\t\t<div class=\"elementor-element elementor-element-5ac909b elementor-widget elementor-widget-text-editor\" data-id=\"5ac909b\" data-element_type=\"widget\" data-widget_type=\"text-editor.default\">\n\t\t\t\t<div class=\"elementor-widget-container\">\n\t\t\t\t\t\t\t\t\t<div><div><div><p>Esta p\u00e9rgola ha sido dise\u00f1ada por profesionales con una larga trayectoria tanto en la fabricaci\u00f3n como en la instalaci\u00f3n de cerramientos, por lo que se han tenido en cuenta las partes d\u00e9biles de otras p\u00e9rgolas que hay en el mercado y pensando en el profesional, modificando dichas debilidades y creando una p\u00e9rgola robusta, con magn\u00edfica est\u00e9tica y a la vez muy sencilla de fabricar e instalar, y con las mejores calidades posibles<\/p><\/div><\/div><\/div>\t\t\t\t\t\t\t\t<\/div>\n\t\t\t\t<\/div>\n\t\t\t\t<\/div>\n\t\t\t\t\t<\/div>\n\t\t\t\t<\/div>\n\t\t<div class=\"elementor-element elementor-element-433b31f e-flex e-con-boxed e-con e-parent\" data-id=\"433b31f\" data-element_type=\"container\">\n\t\t\t\t\t<div class=\"e-con-inner\">\n\t\t\t\t<div class=\"elementor-element elementor-element-cd0a46f elementor-widget elementor-widget-image\" data-id=\"cd0a46f\" data-element_type=\"widget\" data-widget_type=\"image.default\">\n\t\t\t\t<div class=\"elementor-widget-container\">\n\t\t\t\t\t\t\t\t\t\t\t\t\t\t\t<img decoding=\"async\" src=\"https:\/\/premiumsystem3c.com\/wp-content\/uploads\/2026\/02\/1-1.png\" title=\"1\" alt=\"1\" loading=\"lazy\" \/>\t\t\t\t\t\t\t\t\t\t\t\t\t\t\t<\/div>\n\t\t\t\t<\/div>\n\t\t\t\t\t<\/div>\n\t\t\t\t<\/div>\n\t\t<div class=\"elementor-element elementor-element-3245ff8 e-flex e-con-boxed e-con e-parent\" data-id=\"3245ff8\" data-element_type=\"container\">\n\t\t\t\t\t<div class=\"e-con-inner\">\n\t\t<div class=\"elementor-element elementor-element-82b98c8 e-con-full e-flex e-con e-child\" data-id=\"82b98c8\" data-element_type=\"container\">\n\t\t\t\t<div class=\"elementor-element elementor-element-570711f elementor-widget elementor-widget-text-editor\" data-id=\"570711f\" data-element_type=\"widget\" data-widget_type=\"text-editor.default\">\n\t\t\t\t<div class=\"elementor-widget-container\">\n\t\t\t\t\t\t\t\t\t<ul><li>Sistema de p\u00e9rgola bioclim\u00e1tica orientable.<\/li><li>Grandes dimensiones: 7400x5000mm<\/li><li>Instalaci\u00f3n sencilla.<\/li><li>Aislante en lamas y canal\u00f3n.<\/li><\/ul>\t\t\t\t\t\t\t\t<\/div>\n\t\t\t\t<\/div>\n\t\t\t\t<\/div>\n\t\t<div class=\"elementor-element elementor-element-e5e92c2 e-con-full e-flex e-con e-child\" data-id=\"e5e92c2\" data-element_type=\"container\">\n\t\t\t\t<div class=\"elementor-element elementor-element-9f8ab15 elementor-widget elementor-widget-text-editor\" data-id=\"9f8ab15\" data-element_type=\"widget\" data-widget_type=\"text-editor.default\">\n\t\t\t\t<div class=\"elementor-widget-container\">\n\t\t\t\t\t\t\t\t\t<ul><li>Dintel registrable para alojar centralita y cableado.<\/li><li>Felpudo en canal\u00f3n anti-salpicaduras.<\/li><li>Canal\u00f3n con c\u00e1mara.<\/li><li>Est\u00e9tica: columnas enteras hasta parte superior y tapas de lamas rectas con aspecto moderno.<\/li><\/ul>\t\t\t\t\t\t\t\t<\/div>\n\t\t\t\t<\/div>\n\t\t\t\t<\/div>\n\t\t<div class=\"elementor-element elementor-element-490b0b5 e-con-full e-flex e-con e-child\" data-id=\"490b0b5\" data-element_type=\"container\">\n\t\t\t\t<div class=\"elementor-element elementor-element-923c6dd elementor-widget elementor-widget-text-editor\" data-id=\"923c6dd\" data-element_type=\"widget\" data-widget_type=\"text-editor.default\">\n\t\t\t\t<div class=\"elementor-widget-container\">\n\t\t\t\t\t\t\t\t\t<ul><li>Componentes en inox para m\u00e1xima durabilidad.<\/li><li>Alta estanqueidad con perfecta uni\u00f3n mediante juntas de EPDM espumoso y sistema doble de felpudos en transmisi\u00f3n y base de lamas.<\/li><\/ul>\t\t\t\t\t\t\t\t<\/div>\n\t\t\t\t<\/div>\n\t\t\t\t<\/div>\n\t\t<div class=\"elementor-element elementor-element-1dc5b3a e-con-full e-flex e-con e-child\" data-id=\"1dc5b3a\" data-element_type=\"container\">\n\t\t\t\t<div class=\"elementor-element elementor-element-d1abc49 elementor-widget elementor-widget-text-editor\" data-id=\"d1abc49\" data-element_type=\"widget\" data-widget_type=\"text-editor.default\">\n\t\t\t\t<div class=\"elementor-widget-container\">\n\t\t\t\t\t\t\t\t\t<ul><li>Componentes Teleco con protocolo IO de SOMFY.<\/li><li>Iluminaci\u00f3n integrada: led perimetral y focos en lama.<\/li><li>Control Wifi.<\/li><li>Equipo de sonido.<\/li><li>Toma de corriente.<\/li><\/ul>\t\t\t\t\t\t\t\t<\/div>\n\t\t\t\t<\/div>\n\t\t\t\t<\/div>\n\t\t\t\t\t<\/div>\n\t\t\t\t<\/div>\n\t\t<div class=\"elementor-element elementor-element-8dd4938 e-flex e-con-boxed e-con e-parent\" data-id=\"8dd4938\" data-element_type=\"container\">\n\t\t\t\t\t<div class=\"e-con-inner\">\n\t\t<div class=\"elementor-element elementor-element-4557116 e-con-full e-flex e-con e-child\" data-id=\"4557116\" data-element_type=\"container\">\n\t\t\t\t<div class=\"elementor-element elementor-element-a27d841 elementor-view-default elementor-position-top elementor-mobile-position-top elementor-widget elementor-widget-icon-box\" data-id=\"a27d841\" data-element_type=\"widget\" data-widget_type=\"icon-box.default\">\n\t\t\t\t<div class=\"elementor-widget-container\">\n\t\t\t\t\t\t\t<div class=\"elementor-icon-box-wrapper\">\n\n\t\t\t\t\t\t<div class=\"elementor-icon-box-icon\">\n\t\t\t\t<a href=\"https:\/\/premiumsystem3c.com\/index.php\/catalogo-pergola-bioclimatica\/\" class=\"elementor-icon\" tabindex=\"-1\" aria-label=\"Descargar Cat\u00e1logo\">\n\t\t\t\t<svg aria-hidden=\"true\" class=\"e-font-icon-svg e-far-file-pdf\" viewBox=\"0 0 384 512\" xmlns=\"http:\/\/www.w3.org\/2000\/svg\"><path d=\"M369.9 97.9L286 14C277 5 264.8-.1 252.1-.1H48C21.5 0 0 21.5 0 48v416c0 26.5 21.5 48 48 48h288c26.5 0 48-21.5 48-48V131.9c0-12.7-5.1-25-14.1-34zM332.1 128H256V51.9l76.1 76.1zM48 464V48h160v104c0 13.3 10.7 24 24 24h104v288H48zm250.2-143.7c-12.2-12-47-8.7-64.4-6.5-17.2-10.5-28.7-25-36.8-46.3 3.9-16.1 10.1-40.6 5.4-56-4.2-26.2-37.8-23.6-42.6-5.9-4.4 16.1-.4 38.5 7 67.1-10 23.9-24.9 56-35.4 74.4-20 10.3-47 26.2-51 46.2-3.3 15.8 26 55.2 76.1-31.2 22.4-7.4 46.8-16.5 68.4-20.1 18.9 10.2 41 17 55.8 17 25.5 0 28-28.2 17.5-38.7zm-198.1 77.8c5.1-13.7 24.5-29.5 30.4-35-19 30.3-30.4 35.7-30.4 35zm81.6-190.6c7.4 0 6.7 32.1 1.8 40.8-4.4-13.9-4.3-40.8-1.8-40.8zm-24.4 136.6c9.7-16.9 18-37 24.7-54.7 8.3 15.1 18.9 27.2 30.1 35.5-20.8 4.3-38.9 13.1-54.8 19.2zm131.6-5s-5 6-37.3-7.8c35.1-2.6 40.9 5.4 37.3 7.8z\"><\/path><\/svg>\t\t\t\t<\/a>\n\t\t\t<\/div>\n\t\t\t\n\t\t\t\t\t\t<div class=\"elementor-icon-box-content\">\n\n\t\t\t\t\t\t\t\t\t<h3 class=\"elementor-icon-box-title\">\n\t\t\t\t\t\t<a href=\"https:\/\/premiumsystem3c.com\/index.php\/catalogo-pergola-bioclimatica\/\" >\n\t\t\t\t\t\t\tDescargar Cat\u00e1logo\t\t\t\t\t\t<\/a>\n\t\t\t\t\t<\/h3>\n\t\t\t\t\n\t\t\t\t\n\t\t\t<\/div>\n\t\t\t\n\t\t<\/div>\n\t\t\t\t\t\t<\/div>\n\t\t\t\t<\/div>\n\t\t\t\t<\/div>\n\t\t<div class=\"elementor-element elementor-element-3c3ce1b e-con-full e-flex e-con e-child\" data-id=\"3c3ce1b\" data-element_type=\"container\">\n\t\t\t\t<div class=\"elementor-element elementor-element-51d02c8 elementor-view-default elementor-position-top elementor-mobile-position-top elementor-widget elementor-widget-icon-box\" data-id=\"51d02c8\" data-element_type=\"widget\" data-widget_type=\"icon-box.default\">\n\t\t\t\t<div class=\"elementor-widget-container\">\n\t\t\t\t\t\t\t<div class=\"elementor-icon-box-wrapper\">\n\n\t\t\t\t\t\t<div class=\"elementor-icon-box-icon\">\n\t\t\t\t<a href=\"https:\/\/premiumsystem3c.com\/index.php\/tarifa-pergola-bioclimatica\/\" class=\"elementor-icon\" tabindex=\"-1\" aria-label=\"Descargar Tarifa\">\n\t\t\t\t<svg aria-hidden=\"true\" class=\"e-font-icon-svg e-far-file-pdf\" viewBox=\"0 0 384 512\" xmlns=\"http:\/\/www.w3.org\/2000\/svg\"><path d=\"M369.9 97.9L286 14C277 5 264.8-.1 252.1-.1H48C21.5 0 0 21.5 0 48v416c0 26.5 21.5 48 48 48h288c26.5 0 48-21.5 48-48V131.9c0-12.7-5.1-25-14.1-34zM332.1 128H256V51.9l76.1 76.1zM48 464V48h160v104c0 13.3 10.7 24 24 24h104v288H48zm250.2-143.7c-12.2-12-47-8.7-64.4-6.5-17.2-10.5-28.7-25-36.8-46.3 3.9-16.1 10.1-40.6 5.4-56-4.2-26.2-37.8-23.6-42.6-5.9-4.4 16.1-.4 38.5 7 67.1-10 23.9-24.9 56-35.4 74.4-20 10.3-47 26.2-51 46.2-3.3 15.8 26 55.2 76.1-31.2 22.4-7.4 46.8-16.5 68.4-20.1 18.9 10.2 41 17 55.8 17 25.5 0 28-28.2 17.5-38.7zm-198.1 77.8c5.1-13.7 24.5-29.5 30.4-35-19 30.3-30.4 35.7-30.4 35zm81.6-190.6c7.4 0 6.7 32.1 1.8 40.8-4.4-13.9-4.3-40.8-1.8-40.8zm-24.4 136.6c9.7-16.9 18-37 24.7-54.7 8.3 15.1 18.9 27.2 30.1 35.5-20.8 4.3-38.9 13.1-54.8 19.2zm131.6-5s-5 6-37.3-7.8c35.1-2.6 40.9 5.4 37.3 7.8z\"><\/path><\/svg>\t\t\t\t<\/a>\n\t\t\t<\/div>\n\t\t\t\n\t\t\t\t\t\t<div class=\"elementor-icon-box-content\">\n\n\t\t\t\t\t\t\t\t\t<h3 class=\"elementor-icon-box-title\">\n\t\t\t\t\t\t<a href=\"https:\/\/premiumsystem3c.com\/index.php\/tarifa-pergola-bioclimatica\/\" >\n\t\t\t\t\t\t\tDescargar Tarifa\t\t\t\t\t\t<\/a>\n\t\t\t\t\t<\/h3>\n\t\t\t\t\n\t\t\t\t\n\t\t\t<\/div>\n\t\t\t\n\t\t<\/div>\n\t\t\t\t\t\t<\/div>\n\t\t\t\t<\/div>\n\t\t\t\t<\/div>\n\t\t\t\t\t<\/div>\n\t\t\t\t<\/div>\n\t\t<div class=\"elementor-element elementor-element-a8a30b2 e-flex e-con-boxed e-con e-parent\" data-id=\"a8a30b2\" data-element_type=\"container\">\n\t\t\t\t\t<div class=\"e-con-inner\">\n\t\t<div class=\"elementor-element elementor-element-52e033e e-con-full e-flex e-con e-child\" data-id=\"52e033e\" data-element_type=\"container\">\n\t\t\t\t<div class=\"elementor-element elementor-element-3bfd702 elementor-widget elementor-widget-image\" data-id=\"3bfd702\" data-element_type=\"widget\" data-widget_type=\"image.default\">\n\t\t\t\t<div class=\"elementor-widget-container\">\n\t\t\t\t\t\t\t\t\t\t\t\t\t\t\t<img fetchpriority=\"high\" decoding=\"async\" width=\"1024\" height=\"732\" src=\"https:\/\/premiumsystem3c.com\/wp-content\/uploads\/2026\/02\/1-2-1024x732.png\" class=\"attachment-large size-large wp-image-1004\" alt=\"\" srcset=\"https:\/\/premiumsystem3c.com\/wp-content\/uploads\/2026\/02\/1-2-1024x732.png 1024w, https:\/\/premiumsystem3c.com\/wp-content\/uploads\/2026\/02\/1-2-300x214.png 300w, https:\/\/premiumsystem3c.com\/wp-content\/uploads\/2026\/02\/1-2-768x549.png 768w, https:\/\/premiumsystem3c.com\/wp-content\/uploads\/2026\/02\/1-2-1536x1097.png 1536w, https:\/\/premiumsystem3c.com\/wp-content\/uploads\/2026\/02\/1-2.png 2000w\" sizes=\"(max-width: 1024px) 100vw, 1024px\" \/>\t\t\t\t\t\t\t\t\t\t\t\t\t\t\t<\/div>\n\t\t\t\t<\/div>\n\t\t\t\t<\/div>\n\t\t<div class=\"elementor-element elementor-element-b72f74c e-con-full e-flex e-con e-child\" data-id=\"b72f74c\" data-element_type=\"container\">\n\t\t\t\t<div class=\"elementor-element elementor-element-65300c4 elementor-widget elementor-widget-image\" data-id=\"65300c4\" data-element_type=\"widget\" data-widget_type=\"image.default\">\n\t\t\t\t<div class=\"elementor-widget-container\">\n\t\t\t\t\t\t\t\t\t\t\t\t\t\t\t<img decoding=\"async\" width=\"1024\" height=\"732\" src=\"https:\/\/premiumsystem3c.com\/wp-content\/uploads\/2026\/02\/2-2-1024x732.png\" class=\"attachment-large size-large wp-image-1005\" alt=\"\" srcset=\"https:\/\/premiumsystem3c.com\/wp-content\/uploads\/2026\/02\/2-2-1024x732.png 1024w, https:\/\/premiumsystem3c.com\/wp-content\/uploads\/2026\/02\/2-2-300x214.png 300w, https:\/\/premiumsystem3c.com\/wp-content\/uploads\/2026\/02\/2-2-768x549.png 768w, https:\/\/premiumsystem3c.com\/wp-content\/uploads\/2026\/02\/2-2-1536x1097.png 1536w, https:\/\/premiumsystem3c.com\/wp-content\/uploads\/2026\/02\/2-2.png 2000w\" sizes=\"(max-width: 1024px) 100vw, 1024px\" \/>\t\t\t\t\t\t\t\t\t\t\t\t\t\t\t<\/div>\n\t\t\t\t<\/div>\n\t\t\t\t<\/div>\n\t\t<div class=\"elementor-element elementor-element-c0d4e44 e-con-full e-flex e-con e-child\" data-id=\"c0d4e44\" data-element_type=\"container\">\n\t\t\t\t<div class=\"elementor-element elementor-element-646080e elementor-widget elementor-widget-image\" data-id=\"646080e\" data-element_type=\"widget\" data-widget_type=\"image.default\">\n\t\t\t\t<div class=\"elementor-widget-container\">\n\t\t\t\t\t\t\t\t\t\t\t\t\t\t\t<img decoding=\"async\" width=\"1024\" height=\"732\" src=\"https:\/\/premiumsystem3c.com\/wp-content\/uploads\/2026\/02\/3-1024x732.png\" class=\"attachment-large size-large wp-image-1006\" alt=\"\" srcset=\"https:\/\/premiumsystem3c.com\/wp-content\/uploads\/2026\/02\/3-1024x732.png 1024w, https:\/\/premiumsystem3c.com\/wp-content\/uploads\/2026\/02\/3-300x214.png 300w, https:\/\/premiumsystem3c.com\/wp-content\/uploads\/2026\/02\/3-768x549.png 768w, https:\/\/premiumsystem3c.com\/wp-content\/uploads\/2026\/02\/3-1536x1097.png 1536w, https:\/\/premiumsystem3c.com\/wp-content\/uploads\/2026\/02\/3.png 2000w\" sizes=\"(max-width: 1024px) 100vw, 1024px\" \/>\t\t\t\t\t\t\t\t\t\t\t\t\t\t\t<\/div>\n\t\t\t\t<\/div>\n\t\t\t\t<\/div>\n\t\t<div class=\"elementor-element elementor-element-afd8441 e-con-full e-flex e-con e-child\" data-id=\"afd8441\" data-element_type=\"container\">\n\t\t\t\t<div class=\"elementor-element elementor-element-96e2a82 elementor-widget elementor-widget-image\" data-id=\"96e2a82\" data-element_type=\"widget\" data-widget_type=\"image.default\">\n\t\t\t\t<div class=\"elementor-widget-container\">\n\t\t\t\t\t\t\t\t\t\t\t\t\t\t\t<img loading=\"lazy\" decoding=\"async\" width=\"1024\" height=\"732\" src=\"https:\/\/premiumsystem3c.com\/wp-content\/uploads\/2026\/02\/4-1024x732.png\" class=\"attachment-large size-large wp-image-1007\" alt=\"\" srcset=\"https:\/\/premiumsystem3c.com\/wp-content\/uploads\/2026\/02\/4-1024x732.png 1024w, https:\/\/premiumsystem3c.com\/wp-content\/uploads\/2026\/02\/4-300x214.png 300w, https:\/\/premiumsystem3c.com\/wp-content\/uploads\/2026\/02\/4-768x549.png 768w, https:\/\/premiumsystem3c.com\/wp-content\/uploads\/2026\/02\/4-1536x1097.png 1536w, https:\/\/premiumsystem3c.com\/wp-content\/uploads\/2026\/02\/4.png 2000w\" sizes=\"(max-width: 1024px) 100vw, 1024px\" \/>\t\t\t\t\t\t\t\t\t\t\t\t\t\t\t<\/div>\n\t\t\t\t<\/div>\n\t\t\t\t<\/div>\n\t\t\t\t\t<\/div>\n\t\t\t\t<\/div>\n\t\t\t\t<\/div>\n\t\t","protected":false},"excerpt":{"rendered":"<p>P\u00e9rgola Bioclim\u00e1tica PS200 Esta p\u00e9rgola ha sido dise\u00f1ada por profesionales con una larga trayectoria tanto en la fabricaci\u00f3n como en la instalaci\u00f3n de cerramientos, por lo que se han tenido en cuenta las partes d\u00e9biles de otras p\u00e9rgolas que hay en el mercado y pensando en el profesional, modificando dichas debilidades y creando una p\u00e9rgola &hellip;<\/p>\n<p class=\"read-more\"> <a class=\"\" href=\"https:\/\/premiumsystem3c.com\/index.php\/pergolasbioclimaticas\/\"> <span class=\"screen-reader-text\">P\u00e9rgolas Bioclim\u00e1ticas<\/span> Leer m\u00e1s &raquo;<\/a><\/p>\n","protected":false},"author":1,"featured_media":0,"parent":0,"menu_order":0,"comment_status":"closed","ping_status":"closed","template":"","meta":{"site-sidebar-layout":"no-sidebar","site-content-layout":"","ast-site-content-layout":"full-width-container","site-content-style":"default","site-sidebar-style":"default","ast-global-header-display":"","ast-banner-title-visibility":"","ast-main-header-display":"","ast-hfb-above-header-display":"","ast-hfb-below-header-display":"","ast-hfb-mobile-header-display":"","site-post-title":"disabled","ast-breadcrumbs-content":"","ast-featured-img":"disabled","footer-sml-layout":"","theme-transparent-header-meta":"","adv-header-id-meta":"","stick-header-meta":"","header-above-stick-meta":"","header-main-stick-meta":"","header-below-stick-meta":"","astra-migrate-meta-layouts":"default","ast-page-background-enabled":"default","ast-page-background-meta":{"desktop":{"background-color":"var(--ast-global-color-4)","background-image":"","background-repeat":"repeat","background-position":"center center","background-size":"auto","background-attachment":"scroll","background-type":"","background-media":"","overlay-type":"","overlay-color":"","overlay-gradient":""},"tablet":{"background-color":"","background-image":"","background-repeat":"repeat","background-position":"center center","background-size":"auto","background-attachment":"scroll","background-type":"","background-media":"","overlay-type":"","overlay-color":"","overlay-gradient":""},"mobile":{"background-color":"","background-image":"","background-repeat":"repeat","background-position":"center center","background-size":"auto","background-attachment":"scroll","background-type":"","background-media":"","overlay-type":"","overlay-color":"","overlay-gradient":""}},"ast-content-background-meta":{"desktop":{"background-color":"var(--ast-global-color-5)","background-image":"","background-repeat":"repeat","background-position":"center center","background-size":"auto","background-attachment":"scroll","background-type":"","background-media":"","overlay-type":"","overlay-color":"","overlay-gradient":""},"tablet":{"background-color":"var(--ast-global-color-5)","background-image":"","background-repeat":"repeat","background-position":"center center","background-size":"auto","background-attachment":"scroll","background-type":"","background-media":"","overlay-type":"","overlay-color":"","overlay-gradient":""},"mobile":{"background-color":"var(--ast-global-color-5)","background-image":"","background-repeat":"repeat","background-position":"center center","background-size":"auto","background-attachment":"scroll","background-type":"","background-media":"","overlay-type":"","overlay-color":"","overlay-gradient":""}},"footnotes":""},"class_list":["post-992","page","type-page","status-publish","hentry"],"yoast_head":"<!-- This site is optimized with the Yoast SEO plugin v27.2 - https:\/\/yoast.com\/product\/yoast-seo-wordpress\/ -->\n<title>P\u00e9rgolas Bioclim\u00e1ticas -<\/title>\n<meta name=\"robots\" content=\"index, follow, max-snippet:-1, max-image-preview:large, max-video-preview:-1\" \/>\n<link rel=\"canonical\" href=\"https:\/\/premiumsystem3c.com\/index.php\/pergolasbioclimaticas\/\" \/>\n<meta property=\"og:locale\" content=\"es_ES\" \/>\n<meta property=\"og:type\" content=\"article\" \/>\n<meta property=\"og:title\" content=\"P\u00e9rgolas Bioclim\u00e1ticas -\" \/>\n<meta property=\"og:description\" content=\"P\u00e9rgola Bioclim\u00e1tica PS200 Esta p\u00e9rgola ha sido dise\u00f1ada por profesionales con una larga trayectoria tanto en la fabricaci\u00f3n como en la instalaci\u00f3n de cerramientos, por lo que se han tenido en cuenta las partes d\u00e9biles de otras p\u00e9rgolas que hay en el mercado y pensando en el profesional, modificando dichas debilidades y creando una p\u00e9rgola &hellip; P\u00e9rgolas Bioclim\u00e1ticas Leer m\u00e1s &raquo;\" \/>\n<meta property=\"og:url\" content=\"https:\/\/premiumsystem3c.com\/index.php\/pergolasbioclimaticas\/\" \/>\n<meta property=\"article:modified_time\" content=\"2026-04-14T13:04:09+00:00\" \/>\n<meta property=\"og:image\" content=\"http:\/\/premiumsystem3c.com\/wp-content\/uploads\/elementor\/thumbs\/1-1-rjbyeo9ejikauvi1wrzthjjckwhqt3nh9nkf8uy8n4.png\" \/>\n<meta name=\"twitter:card\" content=\"summary_large_image\" \/>\n<meta name=\"twitter:label1\" content=\"Tiempo de lectura\" \/>\n\t<meta name=\"twitter:data1\" content=\"2 minutos\" \/>\n<script type=\"application\/ld+json\" class=\"yoast-schema-graph\">{\"@context\":\"https:\/\/schema.org\",\"@graph\":[{\"@type\":\"WebPage\",\"@id\":\"https:\/\/premiumsystem3c.com\/index.php\/pergolasbioclimaticas\/\",\"url\":\"https:\/\/premiumsystem3c.com\/index.php\/pergolasbioclimaticas\/\",\"name\":\"P\u00e9rgolas Bioclim\u00e1ticas -\",\"isPartOf\":{\"@id\":\"https:\/\/premiumsystem3c.com\/#website\"},\"primaryImageOfPage\":{\"@id\":\"https:\/\/premiumsystem3c.com\/index.php\/pergolasbioclimaticas\/#primaryimage\"},\"image\":{\"@id\":\"https:\/\/premiumsystem3c.com\/index.php\/pergolasbioclimaticas\/#primaryimage\"},\"thumbnailUrl\":\"http:\/\/premiumsystem3c.com\/wp-content\/uploads\/elementor\/thumbs\/1-1-rjbyeo9ejikauvi1wrzthjjckwhqt3nh9nkf8uy8n4.png\",\"datePublished\":\"2026-02-24T12:22:03+00:00\",\"dateModified\":\"2026-04-14T13:04:09+00:00\",\"breadcrumb\":{\"@id\":\"https:\/\/premiumsystem3c.com\/index.php\/pergolasbioclimaticas\/#breadcrumb\"},\"inLanguage\":\"es\",\"potentialAction\":[{\"@type\":\"ReadAction\",\"target\":[\"https:\/\/premiumsystem3c.com\/index.php\/pergolasbioclimaticas\/\"]}]},{\"@type\":\"ImageObject\",\"inLanguage\":\"es\",\"@id\":\"https:\/\/premiumsystem3c.com\/index.php\/pergolasbioclimaticas\/#primaryimage\",\"url\":\"http:\/\/premiumsystem3c.com\/wp-content\/uploads\/elementor\/thumbs\/1-1-rjbyeo9ejikauvi1wrzthjjckwhqt3nh9nkf8uy8n4.png\",\"contentUrl\":\"http:\/\/premiumsystem3c.com\/wp-content\/uploads\/elementor\/thumbs\/1-1-rjbyeo9ejikauvi1wrzthjjckwhqt3nh9nkf8uy8n4.png\"},{\"@type\":\"BreadcrumbList\",\"@id\":\"https:\/\/premiumsystem3c.com\/index.php\/pergolasbioclimaticas\/#breadcrumb\",\"itemListElement\":[{\"@type\":\"ListItem\",\"position\":1,\"name\":\"Portada\",\"item\":\"https:\/\/premiumsystem3c.com\/\"},{\"@type\":\"ListItem\",\"position\":2,\"name\":\"P\u00e9rgolas Bioclim\u00e1ticas\"}]},{\"@type\":\"WebSite\",\"@id\":\"https:\/\/premiumsystem3c.com\/#website\",\"url\":\"https:\/\/premiumsystem3c.com\/\",\"name\":\"\",\"description\":\"\",\"potentialAction\":[{\"@type\":\"SearchAction\",\"target\":{\"@type\":\"EntryPoint\",\"urlTemplate\":\"https:\/\/premiumsystem3c.com\/?s={search_term_string}\"},\"query-input\":{\"@type\":\"PropertyValueSpecification\",\"valueRequired\":true,\"valueName\":\"search_term_string\"}}],\"inLanguage\":\"es\"}]}<\/script>\n<!-- \/ Yoast SEO plugin. -->","yoast_head_json":{"title":"P\u00e9rgolas Bioclim\u00e1ticas -","robots":{"index":"index","follow":"follow","max-snippet":"max-snippet:-1","max-image-preview":"max-image-preview:large","max-video-preview":"max-video-preview:-1"},"canonical":"https:\/\/premiumsystem3c.com\/index.php\/pergolasbioclimaticas\/","og_locale":"es_ES","og_type":"article","og_title":"P\u00e9rgolas Bioclim\u00e1ticas -","og_description":"P\u00e9rgola Bioclim\u00e1tica PS200 Esta p\u00e9rgola ha sido dise\u00f1ada por profesionales con una larga trayectoria tanto en la fabricaci\u00f3n como en la instalaci\u00f3n de cerramientos, por lo que se han tenido en cuenta las partes d\u00e9biles de otras p\u00e9rgolas que hay en el mercado y pensando en el profesional, modificando dichas debilidades y creando una p\u00e9rgola &hellip; P\u00e9rgolas Bioclim\u00e1ticas Leer m\u00e1s &raquo;","og_url":"https:\/\/premiumsystem3c.com\/index.php\/pergolasbioclimaticas\/","article_modified_time":"2026-04-14T13:04:09+00:00","og_image":[{"url":"http:\/\/premiumsystem3c.com\/wp-content\/uploads\/elementor\/thumbs\/1-1-rjbyeo9ejikauvi1wrzthjjckwhqt3nh9nkf8uy8n4.png","type":"","width":"","height":""}],"twitter_card":"summary_large_image","twitter_misc":{"Tiempo de lectura":"2 minutos"},"schema":{"@context":"https:\/\/schema.org","@graph":[{"@type":"WebPage","@id":"https:\/\/premiumsystem3c.com\/index.php\/pergolasbioclimaticas\/","url":"https:\/\/premiumsystem3c.com\/index.php\/pergolasbioclimaticas\/","name":"P\u00e9rgolas Bioclim\u00e1ticas -","isPartOf":{"@id":"https:\/\/premiumsystem3c.com\/#website"},"primaryImageOfPage":{"@id":"https:\/\/premiumsystem3c.com\/index.php\/pergolasbioclimaticas\/#primaryimage"},"image":{"@id":"https:\/\/premiumsystem3c.com\/index.php\/pergolasbioclimaticas\/#primaryimage"},"thumbnailUrl":"http:\/\/premiumsystem3c.com\/wp-content\/uploads\/elementor\/thumbs\/1-1-rjbyeo9ejikauvi1wrzthjjckwhqt3nh9nkf8uy8n4.png","datePublished":"2026-02-24T12:22:03+00:00","dateModified":"2026-04-14T13:04:09+00:00","breadcrumb":{"@id":"https:\/\/premiumsystem3c.com\/index.php\/pergolasbioclimaticas\/#breadcrumb"},"inLanguage":"es","potentialAction":[{"@type":"ReadAction","target":["https:\/\/premiumsystem3c.com\/index.php\/pergolasbioclimaticas\/"]}]},{"@type":"ImageObject","inLanguage":"es","@id":"https:\/\/premiumsystem3c.com\/index.php\/pergolasbioclimaticas\/#primaryimage","url":"http:\/\/premiumsystem3c.com\/wp-content\/uploads\/elementor\/thumbs\/1-1-rjbyeo9ejikauvi1wrzthjjckwhqt3nh9nkf8uy8n4.png","contentUrl":"http:\/\/premiumsystem3c.com\/wp-content\/uploads\/elementor\/thumbs\/1-1-rjbyeo9ejikauvi1wrzthjjckwhqt3nh9nkf8uy8n4.png"},{"@type":"BreadcrumbList","@id":"https:\/\/premiumsystem3c.com\/index.php\/pergolasbioclimaticas\/#breadcrumb","itemListElement":[{"@type":"ListItem","position":1,"name":"Portada","item":"https:\/\/premiumsystem3c.com\/"},{"@type":"ListItem","position":2,"name":"P\u00e9rgolas Bioclim\u00e1ticas"}]},{"@type":"WebSite","@id":"https:\/\/premiumsystem3c.com\/#website","url":"https:\/\/premiumsystem3c.com\/","name":"","description":"","potentialAction":[{"@type":"SearchAction","target":{"@type":"EntryPoint","urlTemplate":"https:\/\/premiumsystem3c.com\/?s={search_term_string}"},"query-input":{"@type":"PropertyValueSpecification","valueRequired":true,"valueName":"search_term_string"}}],"inLanguage":"es"}]}},"_links":{"self":[{"href":"https:\/\/premiumsystem3c.com\/index.php\/wp-json\/wp\/v2\/pages\/992","targetHints":{"allow":["GET"]}}],"collection":[{"href":"https:\/\/premiumsystem3c.com\/index.php\/wp-json\/wp\/v2\/pages"}],"about":[{"href":"https:\/\/premiumsystem3c.com\/index.php\/wp-json\/wp\/v2\/types\/page"}],"author":[{"embeddable":true,"href":"https:\/\/premiumsystem3c.com\/index.php\/wp-json\/wp\/v2\/users\/1"}],"replies":[{"embeddable":true,"href":"https:\/\/premiumsystem3c.com\/index.php\/wp-json\/wp\/v2\/comments?post=992"}],"version-history":[{"count":33,"href":"https:\/\/premiumsystem3c.com\/index.php\/wp-json\/wp\/v2\/pages\/992\/revisions"}],"predecessor-version":[{"id":1373,"href":"https:\/\/premiumsystem3c.com\/index.php\/wp-json\/wp\/v2\/pages\/992\/revisions\/1373"}],"wp:attachment":[{"href":"https:\/\/premiumsystem3c.com\/index.php\/wp-json\/wp\/v2\/media?parent=992"}],"curies":[{"name":"wp","href":"https:\/\/api.w.org\/{rel}","templated":true}]}}